{"id":413,"date":"2024-04-24T18:45:49","date_gmt":"2024-04-24T17:45:49","guid":{"rendered":"https:\/\/4rt.eu\/pioneers\/?page_id=413"},"modified":"2024-06-28T19:04:15","modified_gmt":"2024-06-28T18:04:15","slug":"about","status":"publish","type":"page","link":"https:\/\/4rt.eu\/pioneers\/about","title":{"rendered":"About Digital Pioneers"},"content":{"rendered":"\n<p><strong>This new Channel 01 special report is a back-in-time and unexpected journey to discover the visionaries who laid the foundations of digital technology in the world since the end of the 19th century.<\/strong><\/p>\n\n\n\n<p>&nbsp;<\/p>\n\n\n\n<p>Digital Pioneers is a project derived from Channel 01, produced entirely with different AI tools, in which echoes of Russian cosmism, variantology, futuristic utopias, theosophy or even the theory of &#8220;possible worlds&#8221;, which were accelerated with the appearance of electricity, resound.<\/p>\n\n\n\n<p>&nbsp;<\/p>\n\n\n\n<div style=\"height:36px\" aria-hidden=\"true\" class=\"wp-block-spacer\"><\/div>\n\n\n\n<p><strong>&#8220;Este nuevo reporte especial de Channel 01 es un profundo e inesperado viaje en el tiempo para descubrir a los visionarios que sentaron las bases de la tecnolog\u00eda digital en el mundo desde finales del siglo XIX.<\/strong>&#8220;<\/p>\n\n\n\n<p>&nbsp;<\/p>\n\n\n\n<p>Este proyecto derivado de Channel 01 fue producido \u00edntegramente a partir de la <mark style=\"background-color:rgba(0, 0, 0, 0)\" class=\"has-inline-color has-primary-color\">apropiaci\u00f3n cr\u00edtica<\/mark> de diferentes herramientas de IA.<\/p>\n\n\n\n<p><\/p>\n\n\n\n<p><\/p>\n\n\n\n<p><em>Digital Pioneers<\/em> traza una historia alternativa a partir de hechos que pudieron haber ocurrido y esboza una genealog\u00eda de dispositivos que pudieron haber sido proyectados por las diferentes corrientes de pensamiento de finales del siglo XIX y principios del XX: inventores, so\u00f1adores o artistas que, potenciados por el descubrimiento de la electricidad, comenzaron a imaginar aceleradamente otros <mark style=\"background-color:rgba(0, 0, 0, 0)\" class=\"has-inline-color has-primary-color\">mundos posibles<\/mark>.<\/p>\n\n\n\n<p><\/p>\n\n\n\n<p><\/p>\n\n\n\n<p>Ideas como las de los <mark style=\"background-color:rgba(0, 0, 0, 0)\" class=\"has-inline-color has-primary-color\"><a href=\"https:\/\/es.wikipedia.org\/wiki\/Cosmismo#:~:text=El%20cosmismo%20ruso%20es%20un,del%20universo%20y%20la%20humanidad\" data-type=\"link\" data-id=\"https:\/\/es.wikipedia.org\/wiki\/Cosmismo#:~:text=El%20cosmismo%20ruso%20es%20un,del%20universo%20y%20la%20humanidad\" target=\"_blank\" rel=\"noreferrer noopener\">cosmistas rusos<\/a> <\/mark>o la <a href=\"https:\/\/es.wikipedia.org\/wiki\/Teosof%C3%ADa\" target=\"_blank\" rel=\"noreferrer noopener\"><mark style=\"background-color:rgba(0, 0, 0, 0)\" class=\"has-inline-color has-primary-color\">teosof\u00eda<\/mark><\/a> ampliaban los l\u00edmites del territorio a descubrir o conquistar. El <mark style=\"background-color:rgba(0, 0, 0, 0)\" class=\"has-inline-color has-primary-color\"><a href=\"https:\/\/en.wikipedia.org\/wiki\/God-Building\" target=\"_blank\" rel=\"noreferrer noopener\">God-building<\/a><\/mark> (construcci\u00f3n de Dios), que impulsaba un ala dentro del partido bolchevique a comienzos de la Revoluci\u00f3n rusa, se propon\u00eda crear una nueva religi\u00f3n compatible con la ciencia. En el plano social, desde el <mark style=\"background-color:rgba(0, 0, 0, 0)\" class=\"has-inline-color has-primary-color\"><a href=\"https:\/\/es.wikipedia.org\/wiki\/Futurismo\" target=\"_blank\" rel=\"noreferrer noopener\">futurismo<\/a><\/mark> y las <mark style=\"background-color:rgba(0, 0, 0, 0)\" class=\"has-inline-color has-primary-color\"><a href=\"https:\/\/es.wikipedia.org\/wiki\/Utop%C3%ADa\" target=\"_blank\" rel=\"noreferrer noopener\">utop\u00edas revolucionarias<\/a><\/mark> se imaginaron nuevas sociedades y empoderados sujetos, apalancados por la tecnolog\u00eda y sus nuevos medios: la radio, el cine o la fotograf\u00eda.<\/p>\n\n\n\n<p><\/p>\n\n\n\n<p><\/p>\n\n\n\n<p>En <em>Digital Pioneers<\/em> tambi\u00e9n resuenan ecos de la incre\u00edble <mark style=\"background-color:rgba(0, 0, 0, 0)\" class=\"has-inline-color has-primary-color\"><a href=\"https:\/\/es.wikipedia.org\/wiki\/Tierra_de_cinco_minutos\" target=\"_blank\" rel=\"noreferrer noopener\">Hip\u00f3tesis Omphalos<\/a><\/mark> que m\u00e1s all\u00e1 de ser ridiculizada en su \u00e9poca, fue rescatada por Jorge Luis Borges en su cuento \u201c<mark style=\"background-color:rgba(0, 0, 0, 0)\" class=\"has-inline-color has-primary-color\"><a href=\"https:\/\/borgestodoelanio.blogspot.com\/2016\/12\/jorge-luis-borges-la-creacion-y-p-h.html\" target=\"_blank\" rel=\"noreferrer noopener\">La creaci\u00f3n y P. H. Gosse<\/a><\/mark>\u201d.<\/p>\n\n\n\n<p><\/p>\n\n\n\n<p><\/p>\n\n\n\n<p>Esta forma de entroncar pasados y futuros y de organizar una taxonom\u00eda a-hist\u00f3rica de huellas evolutivas \u2014ya sea en f\u00f3siles como en objetos\u2014 ser\u00e1 tratada ya hacia finales del siglo XX por enfoques te\u00f3ricos como el de Siegfried Zielinski con su <a href=\"https:\/\/es.wikipedia.org\/wiki\/Siegfried_Zielinski\" target=\"_blank\" rel=\"noreferrer noopener\">variantolog\u00eda<\/a>, o por Jean Baudrillard en su tesis <a href=\"https:\/\/es.wikipedia.org\/wiki\/El_sistema_de_los_objetos\" data-type=\"link\" data-id=\"https:\/\/es.wikipedia.org\/wiki\/El_sistema_de_los_objetos\" target=\"_blank\" rel=\"noreferrer noopener\">El sistema de los objetos<\/a>.<\/p>\n\n\n\n<p><\/p>\n\n\n\n<p><\/p>\n\n\n\n<p>En cuanto al impacto de la exponencial difusi\u00f3n de im\u00e1genes producidas por herramientas de inteligencia artificial, hay que resaltar que su demoledor efecto \u2014a diferencia de lo sucedido con la pintura al aparecer la fotograf\u00eda\u2014, no s\u00f3lo modifica el universo simb\u00f3lico del presente \u2014cuestionando el estatuto de realismo de las im\u00e1genes \u201cpos-fotogr\u00e1ficas\u201d que se producen diariamente\u2014 sino que tambi\u00e9n modifican el pasado, disolviendo la perspectiva hist\u00f3rica, contaminando iconos y estilos art\u00edsticos y subvirtiendo la propia evoluci\u00f3n cronol\u00f3gica de los dispositivos t\u00e9cnicos.<\/p>\n\n\n\n<p>Im\u00e1genes, todas ellas, generadas por m\u00e1quinas productoras que act\u00faan con un comportamiento que no es consciente ni proyectivo, sino ciego y evolutivo.<\/p>\n\n\n\n<p>&nbsp;<\/p>\n\n\n\n<div style=\"height:32px\" aria-hidden=\"true\" class=\"wp-block-spacer\"><\/div>\n\n\n\n<p>Gustavo Romano<\/p>\n\n\n\n<p><a href=\"https:\/\/www.gustavoromano.org\">https:\/\/www.gustavoromano.org<\/a><\/p>\n","protected":false},"excerpt":{"rendered":"<p>This new Channel 01 special report is a back-in-time and unexpected journey to discover the visionaries who laid the foundations of digital technology in the world since the end of the 19th century. &nbsp; Digital Pioneers is a project derived from Channel 01, produced entirely with different AI tools, in which echoes of Russian cosmism, [&hellip;]<\/p>\n","protected":false},"author":1,"featured_media":432,"parent":0,"menu_order":0,"comment_status":"closed","ping_status":"closed","template":"","meta":{"footnotes":""},"class_list":["post-413","page","type-page","status-publish","has-post-thumbnail","hentry"],"_links":{"self":[{"href":"https:\/\/4rt.eu\/pioneers\/wp-json\/wp\/v2\/pages\/413","targetHints":{"allow":["GET"]}}],"collection":[{"href":"https:\/\/4rt.eu\/pioneers\/wp-json\/wp\/v2\/pages"}],"about":[{"href":"https:\/\/4rt.eu\/pioneers\/wp-json\/wp\/v2\/types\/page"}],"author":[{"embeddable":true,"href":"https:\/\/4rt.eu\/pioneers\/wp-json\/wp\/v2\/users\/1"}],"replies":[{"embeddable":true,"href":"https:\/\/4rt.eu\/pioneers\/wp-json\/wp\/v2\/comments?post=413"}],"version-history":[{"count":9,"href":"https:\/\/4rt.eu\/pioneers\/wp-json\/wp\/v2\/pages\/413\/revisions"}],"predecessor-version":[{"id":438,"href":"https:\/\/4rt.eu\/pioneers\/wp-json\/wp\/v2\/pages\/413\/revisions\/438"}],"wp:featuredmedia":[{"embeddable":true,"href":"https:\/\/4rt.eu\/pioneers\/wp-json\/wp\/v2\/media\/432"}],"wp:attachment":[{"href":"https:\/\/4rt.eu\/pioneers\/wp-json\/wp\/v2\/media?parent=413"}],"curies":[{"name":"wp","href":"https:\/\/api.w.org\/{rel}","templated":true}]}}