{"id":268,"date":"2018-01-07T15:53:41","date_gmt":"2018-01-07T15:53:41","guid":{"rendered":"http:\/\/4rt.eu\/helloworld\/txt\/?page_id=268"},"modified":"2018-01-28T17:49:57","modified_gmt":"2018-01-28T17:49:57","slug":"hw","status":"publish","type":"page","link":"http:\/\/4rt.eu\/helloworld\/txt\/hw\/","title":{"rendered":"Hello World (Booklet en formato eBook y en papel)"},"content":{"rendered":"<p><em>Disponible en varios formatos a trav\u00e9s de la web de Smashwords y de Amazon.<\/em><\/p>\n<div class=\"smashwords-widget\" style=\"width: 300px; height: 250px;\" data-type=\"single\" data-items=\"book:755609\" data-font=\"sans\" data-ribboncolor=\"#4181c3\" data-bgcolor=\"#fafafa\" data-buttoncolor=\"#ffc801\" data-width=\"300\" data-height=\"250\" data-headline=\"Hello World - Arte en un contexto post-Internet\"><\/div>\n<p><script id=\"smashwords-widget-js\" async=\"async\" src=\"\/\/www.smashwidgets.com\/1\/widgets.js\"><\/script><\/p>\n<p><a href=\"https:\/\/www.amazon.es\/dp\/1976961556\/\" target=\"_blank\"><img loading=\"lazy\" decoding=\"async\" src=\"http:\/\/4rt.eu\/helloworld\/grafica\/hwamazon.png\" alt=\"Amazon\" width=\"595\" height=\"308\" border=\"1\" \/><\/a><\/p>\n<p>A partir del surgimiento de Internet -e inmersos en un irreversible proceso de digitalizaci\u00f3n-, hemos visto emerger toda una serie de din\u00e1micas complejas derivadas del accionar de nuevos agenciamientos humano-tecnol\u00f3gicos.<br \/>\nDesde el \u00e1mbito de la teor\u00eda, pero tambi\u00e9n desde el arte, mucho se ha reflexionado sobre la intrusi\u00f3n del c\u00f3digo en todos los \u00e1mbitos de la producci\u00f3n -material y simb\u00f3lica-. Vivimos en un mundo moldeado por el dinero electr\u00f3nico, por las nuevas econom\u00edas P2P, el Big Data y los algoritmos de inteligencia artificial. En este nuevo contexto, m\u00e1s all\u00e1 del soporte elegido por los artistas, ya podemos afirmar que todo el arte actual es post-internet. La tecnolog\u00eda ya no puede ser considerada como una herramienta de producci\u00f3n, sino como el entorno dentro del cual la obra se produce.<\/p>\n<p>El texto introduce una serie de conceptos que permiten analizar estos nuevos escenarios desde una perspectiva centrada en los flujos \u2013ya sean econ\u00f3micos, de la informaci\u00f3n o del deseo-, evitando tanto el antropocentrismo como el tecnodeterminismo, desde el cual, com\u00fanmente, se ha interpretado la relaci\u00f3n entre arte, tecnolog\u00eda y sociedad.<br \/>\nLa propuesta de esta publicaci\u00f3n es plantear un punto de partida y generar una serie de interrogantes, a partir de los cuales seguir reflexionando en la web de Hello World.<\/p>\n<p>Keywords:\u00a0<em>post-internet, digitalizaci\u00f3n, semi\u00f3ticas asignificantes, algoritmos, agenciamientos, blockchain.<\/em><\/p>\n<p><a href=\"http:\/\/4rt.eu\/helloworld\/HelloWorld_Gustavo_Romano_v1.1.pdf\" rel=\"noopener\" target=\"_blank\">[desgargar en formato PDF]<\/a><\/p>\n<div class=\"issuuembed\" style=\"width: 100%; height: 500px;\" data-configid=\"1324760\/57618827\"><\/div>\n","protected":false},"excerpt":{"rendered":"<p>Disponible en varios formatos a trav\u00e9s de la web de Smashwords y de Amazon. A partir del surgimiento de Internet -e inmersos en un irreversible&#8230;<\/p>\n","protected":false},"author":1,"featured_media":372,"parent":0,"menu_order":0,"comment_status":"closed","ping_status":"closed","template":"","meta":{"footnotes":""},"class_list":["post-268","page","type-page","status-publish","has-post-thumbnail","hentry","entry","double"],"_links":{"self":[{"href":"http:\/\/4rt.eu\/helloworld\/txt\/wp-json\/wp\/v2\/pages\/268"}],"collection":[{"href":"http:\/\/4rt.eu\/helloworld\/txt\/wp-json\/wp\/v2\/pages"}],"about":[{"href":"http:\/\/4rt.eu\/helloworld\/txt\/wp-json\/wp\/v2\/types\/page"}],"author":[{"embeddable":true,"href":"http:\/\/4rt.eu\/helloworld\/txt\/wp-json\/wp\/v2\/users\/1"}],"replies":[{"embeddable":true,"href":"http:\/\/4rt.eu\/helloworld\/txt\/wp-json\/wp\/v2\/comments?post=268"}],"version-history":[{"count":18,"href":"http:\/\/4rt.eu\/helloworld\/txt\/wp-json\/wp\/v2\/pages\/268\/revisions"}],"predecessor-version":[{"id":373,"href":"http:\/\/4rt.eu\/helloworld\/txt\/wp-json\/wp\/v2\/pages\/268\/revisions\/373"}],"wp:featuredmedia":[{"embeddable":true,"href":"http:\/\/4rt.eu\/helloworld\/txt\/wp-json\/wp\/v2\/media\/372"}],"wp:attachment":[{"href":"http:\/\/4rt.eu\/helloworld\/txt\/wp-json\/wp\/v2\/media?parent=268"}],"curies":[{"name":"wp","href":"https:\/\/api.w.org\/{rel}","templated":true}]}}