{"id":2,"date":"2017-12-13T16:54:20","date_gmt":"2017-12-13T16:54:20","guid":{"rendered":"http:\/\/4rt.eu\/helloworld\/txt\/?page_id=2"},"modified":"2018-01-07T16:28:36","modified_gmt":"2018-01-07T16:28:36","slug":"about","status":"publish","type":"page","link":"http:\/\/4rt.eu\/helloworld\/txt\/about\/","title":{"rendered":"Sobre HelloWorld.txt"},"content":{"rendered":"<p>A partir del surgimiento de Internet -e inmersos en un irreversible proceso de digitalizaci\u00f3n-, hemos visto emerger toda una serie de din\u00e1micas complejas derivadas del accionar de nuevos agenciamientos humano-tecnol\u00f3gicos.<br \/>\nDesde el \u00e1mbito de la teor\u00eda, pero tambi\u00e9n desde el arte, mucho se ha reflexionado sobre la intrusi\u00f3n del c\u00f3digo en todos los \u00e1mbitos de la producci\u00f3n -material y simb\u00f3lica-. Vivimos en un mundo moldeado por el dinero electr\u00f3nico, por las nuevas econom\u00edas P2P, el Big Data y los algoritmos de inteligencia artificial.\u00a0 En este nuevo contexto, m\u00e1s all\u00e1 del soporte elegido por los artistas, ya podemos afirmar que todo el arte actual es post-internet. La tecnolog\u00eda ya no puede ser considerada como una herramienta de producci\u00f3n, sino como el entorno dentro del cual la obra se produzca.<\/p>\n<p>El texto del [<a href=\"http:\/\/4rt.eu\/helloworld\/txt\/hw\/\">eBook Hello World<\/a>] introduce una serie de conceptos que permiten analizar estos nuevos escenarios desde una perspectiva centrada en los flujos \u2013ya sean econ\u00f3micos, de la informaci\u00f3n o del deseo-, evitando tanto el antropocentrismo como el tecnodeterminismo, desde el cual, com\u00fanmente, se ha interpretado la relaci\u00f3n entre arte, tecnolog\u00eda y sociedad.<\/p>\n<p>Partiendo de las ideas resumidas en \u00e9l, la reflexi\u00f3n contin\u00faa en este blog [Hellow World .txt], espacio que abrimos a quien quiera aportar su participaci\u00f3n. Las diferentes entradas est\u00e1n etiquetadas en tres categor\u00edas. En \u00abanotaciones\u00bb, se recopilan reflexiones te\u00f3ricas sobre las tem\u00e1ticas que ya hemos definido. En \u00abproducciones\u00bb, se analizan distintas obras o exposiciones que, desde una estrategia art\u00edstica, tambi\u00e9n abordan estos temas. Por \u00faltimo, en la categor\u00eda \u00abemergencias\u00bb, encontraremos noticias sobre nuevos dispositivos, legislaciones o eventos que dan cuenta de las modificaciones sociales que se comienzan a visibilizar en el nuevo entorno post-Internet en el que estamos inmersos.<\/p>\n","protected":false},"excerpt":{"rendered":"<p>A partir del surgimiento de Internet -e inmersos en un irreversible proceso de digitalizaci\u00f3n-, hemos visto emerger toda una serie de din\u00e1micas complejas derivadas del&#8230;<\/p>\n","protected":false},"author":1,"featured_media":264,"parent":0,"menu_order":0,"comment_status":"closed","ping_status":"open","template":"","meta":{"footnotes":""},"class_list":["post-2","page","type-page","status-publish","has-post-thumbnail","hentry","entry","double"],"_links":{"self":[{"href":"http:\/\/4rt.eu\/helloworld\/txt\/wp-json\/wp\/v2\/pages\/2"}],"collection":[{"href":"http:\/\/4rt.eu\/helloworld\/txt\/wp-json\/wp\/v2\/pages"}],"about":[{"href":"http:\/\/4rt.eu\/helloworld\/txt\/wp-json\/wp\/v2\/types\/page"}],"author":[{"embeddable":true,"href":"http:\/\/4rt.eu\/helloworld\/txt\/wp-json\/wp\/v2\/users\/1"}],"replies":[{"embeddable":true,"href":"http:\/\/4rt.eu\/helloworld\/txt\/wp-json\/wp\/v2\/comments?post=2"}],"version-history":[{"count":6,"href":"http:\/\/4rt.eu\/helloworld\/txt\/wp-json\/wp\/v2\/pages\/2\/revisions"}],"predecessor-version":[{"id":279,"href":"http:\/\/4rt.eu\/helloworld\/txt\/wp-json\/wp\/v2\/pages\/2\/revisions\/279"}],"wp:featuredmedia":[{"embeddable":true,"href":"http:\/\/4rt.eu\/helloworld\/txt\/wp-json\/wp\/v2\/media\/264"}],"wp:attachment":[{"href":"http:\/\/4rt.eu\/helloworld\/txt\/wp-json\/wp\/v2\/media?parent=2"}],"curies":[{"name":"wp","href":"https:\/\/api.w.org\/{rel}","templated":true}]}}